{"id":1926,"date":"2021-03-22T08:13:49","date_gmt":"2021-03-22T08:13:49","guid":{"rendered":"http:\/\/dev.maratonsansebastian.com\/politica-privacidad\/"},"modified":"2023-07-07T09:23:20","modified_gmt":"2023-07-07T09:23:20","slug":"pribatutasun-politika","status":"publish","type":"page","link":"https:\/\/zurichmaratonsansebastian.com\/eu\/pribatutasun-politika\/","title":{"rendered":"Pribatutasun-politika"},"content":{"rendered":"\n<ol class=\"wp-block-list\" type=\"1\">\n<li><strong>\u00bfQUI\u00c9N ES EL DEL RESPONSABLE DEL TRATAMIENTO?<\/strong><strong><\/strong><\/li>\n<\/ol>\n\n\n\n<p>De conformidad con la normativa vigente, se informa al interesado, de que los datos facilitados ser\u00e1n tratados conjuntamente por DONOSTI EVENTOS, S.L., con NIF: B20685152 y por RPM RACING, S.L., con NIF: B61514360 que constituyen la UNI\u00d3N TEMPORAL DE EMPRESAS (UTE) DONOSTI EVENTOS, S.L.- RPM RACING, S.L.U., como corresponsables del tratamiento (en adelante \u201c<strong>Corresponsables<\/strong>\u201d o la \u201c<strong>UTE<\/strong>\u201d).<\/p>\n\n\n\n<p><strong>Informaci\u00f3n de contacto sobre protecci\u00f3n de datos:<\/strong><\/p>\n\n\n\n<ul class=\"wp-block-list\">\n<li>Domicilio social: Camino de Portuetxe, n\u00famero 2, 20018, Donostia-San Sebasti\u00e1n.<\/li>\n\n\n\n<li>Correo electr\u00f3nico: <a><\/a><a href=\"mailto:info@zurichmaratonsansebastian.com\">info@zurichmaratonsansebastian.com<\/a><\/li>\n\n\n\n<li>Correo electr\u00f3nico Delegado de Protecci\u00f3n de Datos: <a>dpo@rpmsports.es<\/a><\/li>\n<\/ul>\n\n\n\n<ul class=\"wp-block-list\">\n<li><strong>\u00bfCON QU\u00c9 FINALIDAD SE TRATAR\u00c1N SUS DATOS PERSONALES Y DURANTE CU\u00c1NTO TIEMPO?<\/strong><strong><\/strong><\/li>\n<\/ul>\n\n\n\n<p>Cuando los usuarios faciliten datos personales a trav\u00e9s de los formularios de inscripci\u00f3n a los eventos\/actividades gestionadas por los Corresponsables a trav\u00e9s de los formularios accesibles, sus datos personales ser\u00e1n tratados para las siguientes finalidades:<\/p>\n\n\n\n<p><strong>I.<\/strong> Cuando los usuarios proporcionan datos personales a trav\u00e9s del formulario de contacto, la finalidad es atender las solicitudes de los usuarios. Para ello se conservar\u00e1n sus datos personales durante todo el tiempo de la gesti\u00f3n de su consulta, y a\u00fan despu\u00e9s, hasta que prescriban las eventuales responsabilidades derivadas de la misma.<\/p>\n\n\n\n<p><strong>II.<\/strong> Cuando se faciliten los datos personales a trav\u00e9s de la suscripci\u00f3n al bolet\u00edn comercial de la Web, la finalidad es la suscripci\u00f3n al bolet\u00edn comercial para mantener informado al usuario sobre \u00faltimas noticias y eventos organizados por los Corresponsables. Sus datos ser\u00e1n conservados hasta que el usuario retire su consentimiento en ambas.<\/p>\n\n\n\n<p><strong>III.<\/strong> Cuando los usuarios proporcionen los datos personales a trav\u00e9s de los formularios de inscripci\u00f3n a eventos\/actividades que organice la UTE, la finalidad es gestionar y tramitar la participaci\u00f3n del usuario. Para ello, sus datos se conservar\u00e1n durante el plazo que dure el evento\/actividad en la que se inscriba y, una vez finalizada la misma, durante el plazo de prescripci\u00f3n de las acciones legales que se puedan derivar de la misma.<\/p>\n\n\n\n<p><strong>IV.<\/strong> En caso de que lo autorice, sus datos ser\u00e1n utilizados para proporcionarle informaci\u00f3n personalizada sobre proyectos, servicios, campa\u00f1as, eventos en los que participe u organice RPM RACING S.L.U., conforme a su pol\u00edtica de privacidad, por tiempo indefinido, pudiendo revocar su consentimiento en cualquier momento dirigi\u00e9ndose a la direcci\u00f3n dpo@rpmsports.es, as\u00ed como en cada correo que reciba en el apartado de \u201cdarse de baja\u201d.<\/p>\n\n\n\n<p><strong>V. <\/strong>Asimismo, sus datos ser\u00e1n utilizados para proporcionarle informaci\u00f3n personalizada sobre proyectos, servicios, campa\u00f1as, eventos en los que participe u organice DONOSTI EVENTOS S.L., por tiempo indefinido pudiendo revocar su consentimiento en cualquier momento dirigi\u00e9ndose a la direcci\u00f3n dpo@rpmsports.es as\u00ed como en cada correo que reciba en el apartado de \u201cdarse de baja\u201d.<\/p>\n\n\n\n<p><strong>VI.<\/strong> Gestionar la participaci\u00f3n en sorteos y promociones organizados por los Corresponsables, siendo la base legitimadora del tratamiento la relaci\u00f3n precontractual y contractual, en caso de resultar ganador. Para ello, sus datos se conservar\u00e1n durante el plazo que dure la promoci\u00f3n y, una vez finalizada la misma, durante el plazo de prescripci\u00f3n de las acciones legales que se puedan derivar de la misma.<\/p>\n\n\n\n<p><a><strong>VII.<\/strong><\/a> Igualmente tratamos la fotograf\u00eda\/imagen para la divulgaci\u00f3n de im\u00e1genes en grupo celebrando el evento deportivo para fines informativos, divulgativos, comerciales y publicitarios. Su imagen y\/o video, con o sin sonido, se conservar\u00e1n mientras no se revoque el consentimiento durante un plazo m\u00e1ximo de 20 a\u00f1os.<\/p>\n\n\n\n<p><strong>VIII.<\/strong> Cuando as\u00ed lo requiera el Reglamento de participaci\u00f3n en el evento y mientras usted no ejerza su derecho de supresi\u00f3n, trataremos sus datos (su nombre, apellidos, a\u00f1o de nacimiento y sexo) para poder mostrar la posici\u00f3n que ocupa en el ranking de participantes en el evento de acuerdo con las categor\u00edas del mismo.<\/p>\n\n\n\n<p>Salvo que usted revoque su consentimiento, se aplicar\u00e1n los plazos de conservaci\u00f3n de los datos personales indicados anteriormente, por lo que es su responsabilidad mantenerlos actualizados.<\/p>\n\n\n\n<ul class=\"wp-block-list\">\n<li><strong>\u00bfCU\u00c1L ES LA LEGITIMACI\u00d3N DEL TRATAMIENTO DE LOS DATOS?<\/strong><strong><\/strong><\/li>\n<\/ul>\n\n\n\n<p>Las bases legitimadoras del tratamiento de sus datos son las siguientes:<\/p>\n\n\n\n<p><strong>I.- <\/strong>La ejecuci\u00f3n de la relaci\u00f3n contractual, para gestionar y tramitar su participaci\u00f3n, as\u00ed como para llevar dar respuesta a las consultas planteadas.<\/p>\n\n\n\n<p><strong>II.- <\/strong>El consentimiento expreso del usuario, para llevar a cabo la suscripci\u00f3n del usuario a al bolet\u00edn de noticias de los eventos de la UTE, y para llevar a cabo el env\u00edo de informaci\u00f3n sobre productos y servicios de RPM Racing, SL.U., as\u00ed como de Donosti Eventos S.L, y conocer informaci\u00f3n estad\u00edstica sobre el acceso a dicha informaci\u00f3n. pudiendo revocar su consentimiento en cualquier momento dirigi\u00e9ndose a dpo@rpmsports.es.&nbsp;<\/p>\n\n\n\n<p><strong>III<\/strong>.- El inter\u00e9s leg\u00edtimo de los Corresponsables, para la remisi\u00f3n de encuestas y realizaci\u00f3n de informes en agregado con fines estad\u00edsticos, as\u00ed como para el env\u00edo de informaci\u00f3n personalizada en base al perfil del usuario, sobre proyectos, servicios, campa\u00f1as, eventos en los que participe u organicen los Corresponsales y sobre la base de la excepci\u00f3n prevista en el art\u00edculo 21.2 de la Ley 34\/2002 de 11 de julio, de servicios de la sociedad de la informaci\u00f3n y de comercio electr\u00f3nico (LSSI).<\/p>\n\n\n\n<p><strong>IV.-<\/strong> El consentimiento expreso del usuario, para proporcionarle informaci\u00f3n sobre productos y servicios de nuestros colaboradores y para llevar a cabo aquellas otras actividades que requieran su consentimiento.<\/p>\n\n\n\n<p><a><strong>V.-<\/strong><\/a> En el caso de las im\u00e1genes o su posici\u00f3n en el ranking (y datos asociados a dicha publicaci\u00f3n), con la inscripci\u00f3n al evento, est\u00e1 autorizando el uso de las im\u00e1genes tal y c\u00f3mo se indica expresamente en el Reglamento de participaci\u00f3n en el evento, sin perjuicio de la posibilidad de revocaci\u00f3n de tal consentimiento.<\/p>\n\n\n\n<ul class=\"wp-block-list\">\n<li><strong>\u00bfCUALES SON LAS CATEGORIAS DE DATOS PERSONALES QUE SE TRATAR\u00c1N?<\/strong><strong><\/strong><\/li>\n<\/ul>\n\n\n\n<p>La UTE tratar\u00e1 las siguientes categor\u00edas de datos personales:<\/p>\n\n\n\n<ul class=\"wp-block-list\">\n<li>Datos identificativos: nombre, apellidos, DNI<\/li>\n\n\n\n<li>Datos de contacto: tel\u00e9fono, direcci\u00f3n postal, direcci\u00f3n de correo electr\u00f3nico<\/li>\n\n\n\n<li>Datos de caracter\u00edsticas personales y sociales: fecha de nacimiento, g\u00e9nero, nacionalidad, aficiones, afiliaciones.<\/li>\n<\/ul>\n\n\n\n<p>As\u00ed como cualesquiera otros datos personales que los usuarios faciliten a trav\u00e9s de los formularios establecidos en nuestra p\u00e1gina web y sus subdominios.<\/p>\n\n\n\n<p>En este sentido, tal y como se establece en el Reglamento, se informa a los usuarios de que su imagen, datos personales identificativos y su posici\u00f3n en el resultado final del evento deportivo, ser\u00e1n publicados a trav\u00e9s de la web del evento gestionado por los Corresponsables, sus redes sociales, a trav\u00e9s de entidades colaboradoras, as\u00ed como medios de comunicaci\u00f3n.<\/p>\n\n\n\n<p>Tenga en cuenta que dichos datos ser\u00e1n visibles por otros participantes y usuarios de la Plataforma.<\/p>\n\n\n\n<ul class=\"wp-block-list\">\n<li><strong>DATOS PERSONALES DE MENORES DE EDAD<\/strong><strong><\/strong><\/li>\n<\/ul>\n\n\n\n<p>Se informa a los usuarios que, para proceder al tratamiento de datos personales de menores de 14 a\u00f1os, ser\u00e1 necesario el consentimiento de los padres, tutores o de aquellos quienes ostenten la patria potestad del menor.<\/p>\n\n\n\n<p>Por ello, cuando un menor participe en alguna carrera, o en general en alg\u00fan evento organizado por la UTE, ser\u00e1 necesario aportar los datos que identifiquen a los padres, tutores o quieres ostenten la patria potestad con el \u00fanico fin de recabar el consentimiento necesario. La UTE se reserva la posibilidad de requerir el libro de familia o cualquier otro documento que determine la filiaci\u00f3n, condici\u00f3n de tutor o en general patria potestad sobre el menor.<\/p>\n\n\n\n<ul class=\"wp-block-list\">\n<li><strong>DATOS PERSONALES DE TERCEROS<\/strong><strong><\/strong><\/li>\n<\/ul>\n\n\n\n<p>Cuando los usuarios faciliten datos personales de familiares, amigos, parejas o cualesquiera otros terceros relacionados con el usuario, deben comprometerse a informar de la presente pol\u00edtica de privacidad y en general de los t\u00e9rminos aqu\u00ed expuestos y recabar el consentimiento de estos terceros para el tratamiento de sus datos personales.<\/p>\n\n\n\n<ul class=\"wp-block-list\">\n<li><strong>SEGURIDAD DE LOS DATOS<\/strong><strong><\/strong><\/li>\n<\/ul>\n\n\n\n<p>Los Corresponsables tienen implantadas las medidas de \u00edndole t\u00e9cnica y organizativas necesarias que garanticen la seguridad de sus datos y eviten su alteraci\u00f3n, p\u00e9rdida, tratamiento o acceso no autorizado, habida cuenta del estado de la tecnolog\u00eda, la naturaleza de los datos almacenados y los riesgos a que est\u00e1n expuestos.<\/p>\n\n\n\n<ul class=\"wp-block-list\">\n<li><strong>\u00bfQUI\u00c9NES SON LOS DESTINATARIOS DE LOS DATOS DEL INTERESADO?<\/strong><\/li>\n<\/ul>\n\n\n\n<p>Sus datos personales podr\u00e1n ser comunicados a las siguientes entidades:<\/p>\n\n\n\n<ul class=\"wp-block-list\">\n<li>A proveedores necesarios para el adecuado cumplimiento de las obligaciones legales y\/o de las finalidades indicadas arriba.<\/li>\n\n\n\n<li>A las Administraciones P\u00fablicas que por ley corresponda.<\/li>\n\n\n\n<li>Profesionales que colaboren con los Corresponsables para garantizar la debida atenci\u00f3n de los solicitantes, as\u00ed como la correcta prestaci\u00f3n del servicio requerido.<\/li>\n\n\n\n<li>A las siguientes pasarelas de pago: <a href=\"http:\/\/www.redsys.es\/legal\/20200224_poli%CC%81tica_de_privacidad.pdf\">Redsys Servicios de Procesamiento, S.L.<\/a><\/li>\n\n\n\n<li>y <a href=\"https:\/\/www.paypal.com\/es\/webapps\/mpp\/ua\/privacy-full\">PayPal (Europe) S.\u00e0 r.l.<\/a><\/li>\n\n\n\n<li>Adicionalmente a lo anterior, le informamos de que, si participa en eventos deportivos organizados por la UTE, su nombre, apellido, dorsal y fotograf\u00eda podr\u00edan ser difundidos a trav\u00e9s de la p\u00e1gina web oficial del evento, sus redes sociales, as\u00ed como medios de comunicaci\u00f3n.<\/li>\n\n\n\n<li>Si escoge la opci\u00f3n, divulgaremos su n\u00famero de dorsal, nombre, correo electr\u00f3nico y n\u00famero de tel\u00e9fono para que el fot\u00f3grafo del evento pueda ponerse en contacto con las fotos del evento asistido<\/li>\n\n\n\n<li>Asimismo, siempre que el usuario haya otorgado su consentimiento, podemos divulgar sus datos personales a nuestros patrocinadores y marketing partners para permitirles comercializar sus productos o servicios y medir la efectividad de sus campa\u00f1as de marketing, promociones y patrocinios o para otros fines de marketing.<\/li>\n<\/ul>\n\n\n\n<p><strong>10. \u00bfQU\u00c9 DERECHOS TIENE EL INTERESADO?<\/strong><\/p>\n\n\n\n<p>El interesado tiene derecho a:<\/p>\n\n\n\n<ul class=\"wp-block-list\">\n<li>Acceder a sus datos personales.<\/li>\n\n\n\n<li>Rectificar los datos inexactos o incompletos.<\/li>\n\n\n\n<li>Solicitar la cancelaci\u00f3n de sus datos cuando, entre otros motivos, los datos ya no sean necesarios para los fines para los que fueron recogidos.<\/li>\n\n\n\n<li>A la oposici\u00f3n o limitaci\u00f3n del tratamiento de sus datos personales bajo los supuestos contemplados en la legislaci\u00f3n vigente<\/li>\n\n\n\n<li>A la portabilidad de sus datos<\/li>\n\n\n\n<li>A revocar el consentimiento prestado, en su caso.<\/li>\n<\/ul>\n\n\n\n<p>En relaci\u00f3n con las im\u00e1genes captadas durante la celebraci\u00f3n del evento, le informamos de que puede revocar su consentimiento en cualquier momento, sin que ello afecte a la licitud del tratamiento basado en el consentimiento previo a su retirada. Como consecuencia, podr\u00e1 solicitar no aparecer, usted o el menor al que representa, en fotograf\u00edas o im\u00e1genes de grupo celebrando eventos deportivos, en cuyo caso no se utilizar\u00e1n fotograf\u00edas o im\u00e1genes en las que aparezca el interesado, o se proceder\u00e1 a someter la fotograf\u00eda a un procedimiento que no permita su identificaci\u00f3n.<\/p>\n\n\n\n<p>El interesado podr\u00e1 ponerse en contacto con el delegado de protecci\u00f3n de datos de RPM a trav\u00e9s del correo electr\u00f3nico dpo@rpmsports.es o en la direcci\u00f3n indicada en el primer apartado. Asimismo, cuando el interesado considere que no se ha dado efectividad al ejercicio de sus derechos, podr\u00e1 presentar una reclamaci\u00f3n ante la Agencia Espa\u00f1ola de Protecci\u00f3n de Datos.<\/p>\n\n\n\n<p><strong>Actualizado a mayo 2023<\/strong><\/p>\n","protected":false},"excerpt":{"rendered":"<p>De conformidad con la normativa vigente, se informa al interesado, de que los datos facilitados ser\u00e1n tratados conjuntamente por DONOSTI EVENTOS, S.L., con NIF: B20685152 y por RPM RACING, S.L., con NIF: B61514360 que constituyen la UNI\u00d3N TEMPORAL DE EMPRESAS (UTE) DONOSTI EVENTOS, S.L.- RPM RACING, S.L.U., como corresponsables del tratamiento (en adelante \u201cCorresponsables\u201d o [&hellip;]<\/p>\n","protected":false},"author":1,"featured_media":0,"parent":0,"menu_order":0,"comment_status":"closed","ping_status":"open","template":"pages\/page-texto-simple.php","meta":{"_acf_changed":false,"_genesis_hide_title":false,"_genesis_hide_breadcrumbs":false,"_genesis_hide_singular_image":false,"_genesis_hide_footer_widgets":false,"_genesis_custom_body_class":"","_genesis_custom_post_class":"","_genesis_layout":"","footnotes":""},"class_list":{"0":"post-1926","1":"page","2":"type-page","3":"status-publish","5":"entry"},"acf":[],"_links":{"self":[{"href":"https:\/\/zurichmaratonsansebastian.com\/eu\/wp-json\/wp\/v2\/pages\/1926","targetHints":{"allow":["GET"]}}],"collection":[{"href":"https:\/\/zurichmaratonsansebastian.com\/eu\/wp-json\/wp\/v2\/pages"}],"about":[{"href":"https:\/\/zurichmaratonsansebastian.com\/eu\/wp-json\/wp\/v2\/types\/page"}],"author":[{"embeddable":true,"href":"https:\/\/zurichmaratonsansebastian.com\/eu\/wp-json\/wp\/v2\/users\/1"}],"replies":[{"embeddable":true,"href":"https:\/\/zurichmaratonsansebastian.com\/eu\/wp-json\/wp\/v2\/comments?post=1926"}],"version-history":[{"count":0,"href":"https:\/\/zurichmaratonsansebastian.com\/eu\/wp-json\/wp\/v2\/pages\/1926\/revisions"}],"wp:attachment":[{"href":"https:\/\/zurichmaratonsansebastian.com\/eu\/wp-json\/wp\/v2\/media?parent=1926"}],"curies":[{"name":"wp","href":"https:\/\/api.w.org\/{rel}","templated":true}]}}