{"id":2088,"date":"2021-06-11T09:50:37","date_gmt":"2021-06-11T09:50:37","guid":{"rendered":"http:\/\/dev.maratonsansebastian.com\/politica-de-cookies\/"},"modified":"2023-07-07T09:34:07","modified_gmt":"2023-07-07T09:34:07","slug":"politica-de-cookies","status":"publish","type":"page","link":"https:\/\/zurichmaratonsansebastian.com\/eu\/politica-de-cookies\/","title":{"rendered":"Cooki-en politika"},"content":{"rendered":"\n<p>Esta Pol\u00edtica de Cookies es parte integrante de las Condiciones de Uso y la Pol\u00edtica de Privacidad de la p\u00e1gina web https:\/\/zurichmaratonsansebastian.com\/ (en adelante, el \u201c<strong>P\u00e1gina Web<\/strong>\u201d). El acceso y la navegaci\u00f3n en la P\u00e1gina Web, o el uso de los servicios del mismo, implican la aceptaci\u00f3n de los t\u00e9rminos y condiciones recogidos en las <a href=\"https:\/\/zurichmaratonsansebastian.com\/eu\/aviso-legal\/\" title=\"\">Condiciones de Uso<\/a> y en la <a href=\"https:\/\/zurichmaratonsansebastian.com\/eu\/pribatutasun-politika\/\" title=\"\">Pol\u00edtica de Privacidad<\/a>.<\/p>\n\n\n\n<p>Con el fin de facilitarte la navegaci\u00f3n por la P\u00e1gina Web de de RPM Racing S.L.U. (en adelante, \u201c<strong>RPM<\/strong>\u201d), con domicilio social en Avenida de la Granvia de L&#8217;hospitalet, 8 -10 7\u00aa PLANTA, L&#8217;hospitalet de Llobregat, 08902, Barcelona con N.I.F B-61514360, te comunicamos que la P\u00e1gina Web utiliza cookies u otros dispositivos de almacenamiento y recuperaci\u00f3n de datos de funcionalidad similar (en adelante, las \u201c<strong>Cookies<\/strong>\u201d).<\/p>\n\n\n\n<p>En este sentido, y con el objetivo de garantizar al Usuario (en adelante, el \u201c<strong>Usuario<\/strong>\u201d) toda la informaci\u00f3n necesaria para su correcta navegaci\u00f3n, ponemos a tu disposici\u00f3n el siguiente texto informativo sobre qu\u00e9 son las Cookies, qu\u00e9 tipolog\u00eda de cookies existen en nuestra P\u00e1gina Web y c\u00f3mo configurarlas o deshabilitarlas.<\/p>\n\n\n\n<p><strong>\u00bfQu\u00e9 es una Cookie?<\/strong><\/p>\n\n\n\n<p>Las Cookies son archivos que contienen peque\u00f1as cantidades de informaci\u00f3n que se descargan en el dispositivo del Usuario cuando visita una p\u00e1gina web. Su finalidad principal es reconocer al Usuario cada vez que accede a la P\u00e1gina Web permitiendo, adem\u00e1s, mejorar la calidad y ofrecer un mejor uso de la misma.<\/p>\n\n\n\n<p>Las Cookies son esenciales para el funcionamiento de Internet; no pueden da\u00f1ar el equipo\/dispositivo del Usuario y, si se encuentran activadas en la configuraci\u00f3n del navegador, ayudan a identificar y resolver posibles errores de funcionamiento de la P\u00e1gina Web.<\/p>\n\n\n\n<p><strong>Uso de Cookies por parte de RPM<\/strong><\/p>\n\n\n\n<p>Mediante la aceptaci\u00f3n del banner de cookies que aparece al comienzo de la navegaci\u00f3n en la P\u00e1gina Web o mediante la configuraci\u00f3n de las cookies, el Usuario acepta de manera expresa la utilizaci\u00f3n de dichas Cookies en sus dispositivos. Si desactivas las Cookies, puede que algunas de las utilidades de que dispone el Sitio Web no funcionen correctamente.<\/p>\n\n\n\n<p>Concretamente, RPM est\u00e1 utilizando las Cookies para las finalidades que a continuaci\u00f3n se exponen. Si en un futuro el prestador utilizase otras con el prop\u00f3sito de otorgar m\u00e1s y mejores servicios, se informar\u00e1 al Usuario de ello.<\/p>\n\n\n\n<ul class=\"wp-block-list\">\n<li><strong>Cookies t\u00e9cnicas<\/strong><\/li>\n<\/ul>\n\n\n\n<p>Son aqu\u00e9llas que permiten al usuario la navegaci\u00f3n a trav\u00e9s del Sitio Web y la utilizaci\u00f3n de las diferentes opciones o servicios que en ella existan como, por ejemplo, controlar el tr\u00e1fico y la comunicaci\u00f3n de datos, identificar la sesi\u00f3n, acceder a partes de acceso restringido, recordar los elementos que integran un pedido, realizar el proceso de compra de un pedido, gestionar el pago, controlar el fraude vinculado a la seguridad del servicio, gestionar la inscripci\u00f3n a eventos, contar visitas a efectos de la facturaci\u00f3n de licencias del software con el que funciona el servicio (sitio web, plataforma o aplicaci\u00f3n), utilizar elementos de seguridad durante la navegaci\u00f3n, almacenar contenidos para la difusi\u00f3n de v\u00eddeos o sonido, habilitar contenidos din\u00e1micos (por ejemplo, animaci\u00f3n de carga de un texto o imagen) o compartir contenidos a trav\u00e9s de redes sociales.<\/p>\n\n\n\n<p>RPM no necesita su consentimiento para instalar en su dispositivo las cookies que sean necesarias para activar las funcionalidades del Sitio Web, y su uso se basa en la necesidad de prestar los servicios solicitados. Si desactiva o bloquea todas las cookies de su navegador, puede que su navegaci\u00f3n por el Sitio Web no sea \u00f3ptima y algunas de las utilidades de que dispone el Sitio Web no funcionen correctamente.<\/p>\n\n\n\n<ul class=\"wp-block-list\">\n<li><strong>Cookies funcionales<\/strong><\/li>\n<\/ul>\n\n\n\n<p>Son aqu\u00e9llas que permiten recordar informaci\u00f3n para que el usuario acceda al servicio con determinadas caracter\u00edsticas que pueden diferenciar su experiencia de la de otros usuarios, como, por ejemplo, el idioma, el n\u00famero de resultados a mostrar cuando el usuario realiza una b\u00fasqueda, el aspecto o contenido del servicio en funci\u00f3n del tipo de navegador a trav\u00e9s del cual el usuario accede al servicio o de la regi\u00f3n desde la que accede al servicio, etc. Si es el propio usuario quien elige esas caracter\u00edsticas (por ejemplo, si selecciona el idioma de un sitio web clicando en el icono de la bandera del pa\u00eds correspondiente), las cookies estar\u00e1n ser\u00e1n consideradas como un servicio expresamente solicitado por el usuario, y por ello se utilizar\u00e1n exclusivamente para la finalidad seleccionada y sin solicitar su consentimiento expreso.<\/p>\n\n\n\n<ul class=\"wp-block-list\">\n<li><strong>Cookies de an\u00e1lisis<\/strong><\/li>\n<\/ul>\n\n\n\n<p>Estas cookies recopilan informaci\u00f3n sobre el modo en que los visitantes utilizan el sitio web, por ejemplo, qu\u00e9 p\u00e1ginas visitan con m\u00e1s frecuencia, si reciben mensajes de error de p\u00e1ginas web, las secciones del sitio web a las que acceden o los botones del sitio web sobre los que hacen clic. La informaci\u00f3n obtenida por estas cookies no permite identificar a los visitantes. Toda la informaci\u00f3n obtenida es agregada y, por lo tanto, an\u00f3nima. La funci\u00f3n de estas cookies es obtener estad\u00edsticas e informes que permiten mejorar el funcionamiento del sitio web.<\/p>\n\n\n\n<p>Estas cookies solo se instalan en el dispositivo del usuario cuando \u00e9ste las acepta.<\/p>\n\n\n\n<figure class=\"wp-block-table\"><table><tbody><tr><td colspan=\"3\"><strong>Listado de cookies anal\u00edticas<\/strong><\/td><\/tr><tr><td><strong>Nombre de la cookies<\/strong><\/td><td><strong>Enlace a la pol\u00edtica de privacidad del tercero<\/strong><\/td><td><strong>Duraci\u00f3n<\/strong><\/td><\/tr><tr><td>_gid<\/td><td rowspan=\"2\"><a href=\"https:\/\/policies.google.com\/privacy?hl=es&amp;fg=1\">Google Analytics<\/a><\/td><td>1 d\u00eda<\/td><\/tr><tr><td>_ga<\/td><td>2 a\u00f1os<\/td><\/tr><\/tbody><\/table><\/figure>\n\n\n\n<ul class=\"wp-block-list\">\n<li><strong>Cookies de publicidad<\/strong><strong><\/strong><\/li>\n<\/ul>\n\n\n\n<p>Estas cookies se utilizan para mostrar anuncios que sean relevantes para el usuario. Tambi\u00e9n se utilizan para limitar el n\u00famero de veces que el usuario ve un anuncio, as\u00ed como para ayudar a medir la eficacia de las campa\u00f1as publicitarias. Recuerdan que has visitado un sitio web y esta informaci\u00f3n se comparte con otras organizaciones como los anunciantes.<\/p>\n\n\n\n<p>Estas cookies solo se instalan en el dispositivo del usuario cuando \u00e9ste las acepta.<\/p>\n\n\n\n<figure class=\"wp-block-table\"><table><tbody><tr><td><strong>Listado de cookies<\/strong> <\/td><\/tr><\/tbody><\/table><\/figure>\n\n\n\n<figure class=\"wp-block-table\"><table><thead><tr><th>Cookie Name<\/th><th>Description<\/th><th>Cookie Policy Link<\/th><th>Duration<\/th><th>Type<\/th><\/tr><\/thead><tbody><tr><td>c_user<\/td><td>Facebook cookie used to authenticate the user<\/td><td><a href=\"https:\/\/www.facebook.com\/policies\/cookies\/\" target=\"_blank\" rel=\"noreferrer noopener\">https:\/\/www.facebook.com\/policies\/cookies\/<\/a><\/td><td>15 days<\/td><td>Technical<\/td><\/tr><tr><td>datr<\/td><td>Facebook cookie used for security purposes<\/td><td><a href=\"https:\/\/www.facebook.com\/policies\/cookies\/\" target=\"_blank\" rel=\"noreferrer noopener\">https:\/\/www.facebook.com\/policies\/cookies\/<\/a><\/td><td>28 days<\/td><td>Technical<\/td><\/tr><tr><td>fr<\/td><td>Facebook cookie used to show personalized advertisements<\/td><td><a href=\"https:\/\/www.facebook.com\/policies\/cookies\/\" target=\"_blank\" rel=\"noreferrer noopener\">https:\/\/www.facebook.com\/policies\/cookies\/<\/a><\/td><td>84 days<\/td><td>Publicity<\/td><\/tr><tr><td>gdprPlugin<\/td><td>Cookie used to store user&#8217;s GDPR consent<\/td><td>https:\/\/zurichmaratonsansebastian.com\/eu\/politica-de-cookies\/<\/td><td>14 days<\/td><td>Technical<\/td><\/tr><tr><td>gdprPluginCountry<\/td><td>Cookie used to store user&#8217;s GDPR consent country<\/td><td>https:\/\/zurichmaratonsansebastian.com\/eu\/politica-de-cookies\/<\/td><td>26 days<\/td><td>Technical<\/td><\/tr><tr><td>gdprPluginGroup<\/td><td>Cookie used to store user&#8217;s GDPR consent group<\/td><td>https:\/\/zurichmaratonsansebastian.com\/eu\/politica-de-cookies\/<\/td><td>16 days<\/td><td>Technical<\/td><\/tr><tr><td>group_1<\/td><td>Cookie used to store user&#8217;s cookie preferences<\/td><td>https:\/\/zurichmaratonsansebastian.com\/eu\/politica-de-cookies\/<\/td><td>12 days<\/td><td>Technical<\/td><\/tr><tr><td>group_2<\/td><td>Cookie used to store user&#8217;s cookie preferences<\/td><td>https:\/\/zurichmaratonsansebastian.com\/eu\/politica-de-cookies\/<\/td><td>12 days<\/td><td>Technical<\/td><\/tr><tr><td>group_3<\/td><td>Cookie used to store user&#8217;s cookie preferences<\/td><td>https:\/\/zurichmaratonsansebastian.com\/eu\/politica-de-cookies\/<\/td><td>11 days<\/td><td>Technical<\/td><\/tr><tr><td>id<\/td><td>DoubleClick cookie used to show personalized advertisements<\/td><td><a href=\"https:\/\/policies.google.com\/technologies\/cookies?hl=en\" target=\"_blank\" rel=\"noreferrer noopener\">https:\/\/policies.google.com\/technologies\/cookies?hl=en<\/a><\/td><td>Session<\/td><td>Publicity<\/td><\/tr><tr><td>sb<\/td><td>Facebook cookie used for security purposes<\/td><td><a href=\"https:\/\/www.facebook.com\/policies\/cookies\/\" target=\"_blank\" rel=\"noreferrer noopener\">https:\/\/www.facebook.com\/policies\/cookies\/<\/a><\/td><td>26 days<\/td><td>Technical<\/td><\/tr><tr><td>usida<\/td><td>Facebook cookie used to measure advertising efficiency<\/td><td><a href=\"https:\/\/www.facebook.com\/policies\/cookies\/\" target=\"_blank\" rel=\"noreferrer noopener\">https:\/\/www.facebook.com\/policies\/cookies\/<\/a><\/td><td>Session<\/td><td>Publicity<\/td><\/tr><tr><td>wd<\/td><td>Facebook cookie used to determine screen resolution<\/td><td><a href=\"https:\/\/www.facebook.com\/policies\/cookies\/\" target=\"_blank\" rel=\"noreferrer noopener\">https:\/\/www.facebook.com\/policies\/cookies\/<\/a><\/td><td>10 days<\/td><td>Technical<\/td><\/tr><tr><td>xs<\/td><td>Facebook cookie used to authenticate the user<\/td><td><a href=\"https:\/\/www.facebook.com\/policies\/cookies\/\" target=\"_blank\" rel=\"noreferrer noopener\">https:\/\/www.facebook.com\/policies\/cookies\/<\/a><\/td><td>99 days<\/td><td>Publicity<\/td><\/tr><\/tbody><\/table><\/figure>\n\n\n\n<p><strong>Plazos de Conservaci\u00f3n<\/strong><\/p>\n\n\n\n<p>Las cookies utilizadas por RPM ser\u00e1n conservadas en su dispositivo durante el tiempo necesario para la finalidad por la que fueron instaladas, y como m\u00e1ximo, durante 2 a\u00f1os, salvo que usted decida eliminarlas a trav\u00e9s de las opciones de configuraci\u00f3n de su navegador (ver siguiente apartado de esta pol\u00edtica).<\/p>\n\n\n\n<p>A lo largo de la presente pol\u00edtica de privacidad se muestra el plazo concreto de duraci\u00f3n de cada cookie.<\/p>\n\n\n\n<p><strong>Transferencias Internacionales<\/strong><\/p>\n\n\n\n<p>Algunos de los datos personales obtenidos a trav\u00e9s de cookies de terceros ser\u00e1n objeto de transferencias internacionales, en cuyo caso le garantizamos que se adoptar\u00e1n las garant\u00edas necesarias para proteger la confidencialidad, integridad y disponibilidad de la misma. Para obtener m\u00e1s informaci\u00f3n sobre las transferencias internacionales realizada por cada tercero, acceda a sus pol\u00edticas de privacidad mostradas en la presente pol\u00edtica de cookies.<\/p>\n\n\n\n<p><strong>C\u00f3mo aceptar, rechazar, bloquear o eliminar cookies<\/strong><\/p>\n\n\n\n<p>Puede aceptar o rechazar las cookies en cualquier momento accediendo de nuevo a nuestro panel de preferencias.<\/p>\n\n\n\n<p>Puede bloquear o eliminar las Cookies a trav\u00e9s de las herramientas de configuraci\u00f3n del navegador, o bien, puede configurar su navegador para que le avise cuando un servidor quiera guardar una Cookie:<\/p>\n\n\n\n<ol class=\"wp-block-list\" type=\"a\">\n<li>Si utiliza Microsoft Internet Explorer, encontrar\u00e1 la opci\u00f3n en el men\u00fa Herramientas &gt; Opciones de Internet &gt; Privacidad &gt; Configuraci\u00f3n. Para saber m\u00e1s visite:<\/li>\n<\/ol>\n\n\n\n<p>http:\/\/windows.microsoft.com\/es-es\/windows-vista\/block-or-allow-Cookies y <a href=\"http:\/\/windows.microsoft.com\/es-es\/windows7\/how-to-manage-Cookies-in-internet-explorer-9\">http:\/\/windows.microsoft.com\/es-es\/windows7\/how-to-manage-Cookies-in-internet-explorer-9<\/a>.<\/p>\n\n\n\n<ul class=\"wp-block-list\">\n<li>Si utiliza Firefox, encontrar\u00e1 la opci\u00f3n en el men\u00fa Herramientas &gt; Opciones &gt; Privacidad &gt; Cookies. Para saber m\u00e1s visite:<\/li>\n<\/ul>\n\n\n\n<p><a href=\"http:\/\/support.mozilla.org\/es\/kb\/habilitar-y-deshabilitar-Cookies-que-los-sitios-we\">http:\/\/support.mozilla.org\/es\/kb\/habilitar-y-deshabilitar-Cookies-que-los-sitios-we<\/a>.<\/p>\n\n\n\n<ul class=\"wp-block-list\">\n<li>Si utiliza Chrome, en la secci\u00f3n de Opciones &gt; Opciones avanzadas &gt; Privacidad. Para saber m\u00e1s:<\/li>\n<\/ul>\n\n\n\n<p><a href=\"https:\/\/support.google.com\/accounts\/answer\/61416?hl=es\">https:\/\/support.google.com\/accounts\/answer\/61416?hl=es<\/a><\/p>\n\n\n\n<ul class=\"wp-block-list\">\n<li>Si utiliza Opera, en la opci\u00f3n de Seguridad y Privacidad, podr\u00e1 configurar el navegador. Para saber m\u00e1s visite:<\/li>\n<\/ul>\n\n\n\n<p>&nbsp;<a href=\"http:\/\/help.opera.com\/Windows\/11.50\/es-ES\/cookies.html\">http:\/\/help.opera.com\/Windows\/11.50\/es-ES\/cookies.html<\/a><\/p>\n\n\n\n<ul class=\"wp-block-list\">\n<li>Si utiliza Safari encontrar\u00e1 la opci\u00f3n en el men\u00fa Preferencias\/Privacidad. M\u00e1s informaci\u00f3n en:<\/li>\n<\/ul>\n\n\n\n<p>http:\/\/support.apple.com\/kb\/HT1677?viewlocale=es_ES<\/p>\n\n\n\n<p><strong>Notificaciones en el navegador<\/strong><\/p>\n\n\n\n<p>Si has aceptado al iniciar tu navegaci\u00f3n en el sitio web, recibir notificaciones a trav\u00e9s de la ventana emergente, RPM podr\u00e1 enviarte notificaciones emergentes sobre noticias y contenido relevante sobre su objeto social. Puedes configurar estas notificaciones emergentes, tanto de RPM como de otros sitios web, a trav\u00e9s de la configuraci\u00f3n u opciones de tu navegador.<\/p>\n\n\n\n<p><strong>Derechos de los Usuarios e Informaci\u00f3n Adicional<\/strong><\/p>\n\n\n\n<p>Puede obtener m\u00e1s informaci\u00f3n sobre el tratamiento de sus datos realizado por RPM, as\u00ed como sobre el modo de ejercitar sus derechos en nuestra Pol\u00edtica de Privacidad.<\/p>\n\n\n\n<p>Tambi\u00e9n puede contactar con RPM en el email: <a href=\"mailto:dpo@rpmsports.es\">dpo@rpmsports.es<\/a><\/p>\n\n\n\n<p><strong>Actualizado a mayo 2023<\/strong><\/p>\n","protected":false},"excerpt":{"rendered":"<p>Esta Pol\u00edtica de Cookies es parte integrante de las Condiciones de Uso y la Pol\u00edtica de Privacidad de la p\u00e1gina web https:\/\/zurichmaratonsansebastian.com\/ (en adelante, el \u201cP\u00e1gina Web\u201d). El acceso y la navegaci\u00f3n en la P\u00e1gina Web, o el uso de los servicios del mismo, implican la aceptaci\u00f3n de los t\u00e9rminos y condiciones recogidos en las [&hellip;]<\/p>\n","protected":false},"author":1,"featured_media":0,"parent":0,"menu_order":0,"comment_status":"closed","ping_status":"closed","template":"pages\/page-texto-simple.php","meta":{"_acf_changed":false,"_genesis_hide_title":false,"_genesis_hide_breadcrumbs":false,"_genesis_hide_singular_image":false,"_genesis_hide_footer_widgets":false,"_genesis_custom_body_class":"","_genesis_custom_post_class":"","_genesis_layout":"","footnotes":""},"class_list":{"0":"post-2088","1":"page","2":"type-page","3":"status-publish","5":"entry"},"acf":[],"_links":{"self":[{"href":"https:\/\/zurichmaratonsansebastian.com\/eu\/wp-json\/wp\/v2\/pages\/2088","targetHints":{"allow":["GET"]}}],"collection":[{"href":"https:\/\/zurichmaratonsansebastian.com\/eu\/wp-json\/wp\/v2\/pages"}],"about":[{"href":"https:\/\/zurichmaratonsansebastian.com\/eu\/wp-json\/wp\/v2\/types\/page"}],"author":[{"embeddable":true,"href":"https:\/\/zurichmaratonsansebastian.com\/eu\/wp-json\/wp\/v2\/users\/1"}],"replies":[{"embeddable":true,"href":"https:\/\/zurichmaratonsansebastian.com\/eu\/wp-json\/wp\/v2\/comments?post=2088"}],"version-history":[{"count":0,"href":"https:\/\/zurichmaratonsansebastian.com\/eu\/wp-json\/wp\/v2\/pages\/2088\/revisions"}],"wp:attachment":[{"href":"https:\/\/zurichmaratonsansebastian.com\/eu\/wp-json\/wp\/v2\/media?parent=2088"}],"curies":[{"name":"wp","href":"https:\/\/api.w.org\/{rel}","templated":true}]}}