{"id":8940,"date":"2024-10-04T08:30:02","date_gmt":"2024-10-04T08:30:02","guid":{"rendered":"https:\/\/zurichmaratonsansebastian.com\/politica-de-app\/"},"modified":"2024-10-15T13:47:55","modified_gmt":"2024-10-15T13:47:55","slug":"politica-de-app","status":"publish","type":"page","link":"https:\/\/zurichmaratonsansebastian.com\/fr\/politica-de-app\/","title":{"rendered":"Pol\u00edtica de App"},"content":{"rendered":"\n<p>POLITIQUE DE CONFIDENTIALIT\u00c9 DE L&rsquo;APP &lsquo;Zurich Marat\u00f3n San Sebasti\u00e1n.<\/p>\n\n\n\n<p>Informations de localisation<\/p>\n\n\n\n<p>Nous collectons et traitons les informations de localisation lorsque vous vous inscrivez et utilisez les services. Conform\u00e9ment \u00e0 notre politique de confidentialit\u00e9, nous ne suivons pas la localisation de votre appareil lorsque vous n&rsquo;utilisez pas l&rsquo;application mais, afin de fournir des services de chronom\u00e9trage de base, il est n\u00e9cessaire de suivre la localisation de votre appareil lorsque vous utilisez l&rsquo;application. Si vous souhaitez arr\u00eater le suivi de la localisation de votre appareil, vous pouvez le faire \u00e0 tout moment en ajustant les param\u00e8tres de votre appareil.<\/p>\n\n\n\n<p>Partage d&rsquo;informations sur l&rsquo;utilisateur.<\/p>\n\n\n\n<p>Cette application requiert les autorisations de l&rsquo;appareil photo si l&rsquo;utilisateur souhaite t\u00e9l\u00e9charger une photo dans la galerie. Nous recueillons des informations \u00e0 partir des photos que vous partagez.<\/p>\n\n\n\n<p>Cette application ne requiert pas d&rsquo;informations de la part de vos contacts.<\/p>\n\n\n\n<p>Informations sur les paiements<\/p>\n\n\n\n<p>Aucun paiement n&rsquo;\u00e9tant effectu\u00e9 dans l&rsquo;application, aucune information sur vos cartes de cr\u00e9dit ou de d\u00e9bit n&rsquo;est collect\u00e9e.<\/p>\n\n\n\n<p><\/p>\n","protected":false},"excerpt":{"rendered":"<p>POLITIQUE DE CONFIDENTIALIT\u00c9 DE L&rsquo;APP &lsquo;Zurich Marat\u00f3n San Sebasti\u00e1n. Informations de localisation Nous collectons et traitons les informations de localisation lorsque vous vous inscrivez et utilisez les services. Conform\u00e9ment \u00e0 notre politique de confidentialit\u00e9, nous ne suivons pas la localisation de votre appareil lorsque vous n&rsquo;utilisez pas l&rsquo;application mais, afin de fournir des services de [&hellip;]<\/p>\n","protected":false},"author":1,"featured_media":0,"parent":0,"menu_order":0,"comment_status":"closed","ping_status":"closed","template":"","meta":{"_acf_changed":false,"_genesis_hide_title":false,"_genesis_hide_breadcrumbs":false,"_genesis_hide_singular_image":false,"_genesis_hide_footer_widgets":false,"_genesis_custom_body_class":"","_genesis_custom_post_class":"","_genesis_layout":"","footnotes":""},"class_list":{"0":"post-8940","1":"page","2":"type-page","3":"status-publish","5":"entry"},"acf":[],"_links":{"self":[{"href":"https:\/\/zurichmaratonsansebastian.com\/fr\/wp-json\/wp\/v2\/pages\/8940","targetHints":{"allow":["GET"]}}],"collection":[{"href":"https:\/\/zurichmaratonsansebastian.com\/fr\/wp-json\/wp\/v2\/pages"}],"about":[{"href":"https:\/\/zurichmaratonsansebastian.com\/fr\/wp-json\/wp\/v2\/types\/page"}],"author":[{"embeddable":true,"href":"https:\/\/zurichmaratonsansebastian.com\/fr\/wp-json\/wp\/v2\/users\/1"}],"replies":[{"embeddable":true,"href":"https:\/\/zurichmaratonsansebastian.com\/fr\/wp-json\/wp\/v2\/comments?post=8940"}],"version-history":[{"count":0,"href":"https:\/\/zurichmaratonsansebastian.com\/fr\/wp-json\/wp\/v2\/pages\/8940\/revisions"}],"wp:attachment":[{"href":"https:\/\/zurichmaratonsansebastian.com\/fr\/wp-json\/wp\/v2\/media?parent=8940"}],"curies":[{"name":"wp","href":"https:\/\/api.w.org\/{rel}","templated":true}]}}